{"id":2,"date":"2021-10-19T08:06:03","date_gmt":"2021-10-19T08:06:03","guid":{"rendered":"https:\/\/santamarialablanca.archimadrid.es\/?page_id=2"},"modified":"2026-05-13T06:39:50","modified_gmt":"2026-05-13T06:39:50","slug":"vida-parroquial","status":"publish","type":"page","link":"https:\/\/santamarialablanca.archimadrid.es\/","title":{"rendered":"Vida parroquial"},"content":{"rendered":"<p>[et_pb_section fb_built=\u00bb1&#8243; custom_padding_last_edited=\u00bbon|phone\u00bb admin_label=\u00bbHero Section\u00bb _builder_version=\u00bb4.16&#8243; background_color=\u00bb#3644af\u00bb background_image=\u00bbhttps:\/\/santamarialablanca.archimadrid.es\/wp-content\/uploads\/2021\/10\/Santiago-A-064.jpg\u00bb min_height=\u00bb279.4px\u00bb custom_padding=\u00bb254px|0px|32px|0px||\u00bb custom_padding_tablet=\u00bb200px||200px|\u00bb custom_padding_phone=\u00bb140px||140px|\u00bb global_colors_info=\u00bb{}\u00bb][et_pb_row _builder_version=\u00bb4.16&#8243; custom_padding=\u00bb|||\u00bb animation_style=\u00bbslide\u00bb animation_direction=\u00bbbottom\u00bb animation_intensity_slide=\u00bb10%\u00bb global_colors_info=\u00bb{}\u00bb][et_pb_column type=\u00bb4_4&#8243; _builder_version=\u00bb4.16&#8243; custom_padding=\u00bb|||\u00bb global_colors_info=\u00bb{}\u00bb custom_padding__hover=\u00bb|||\u00bb][et_pb_button button_url=\u00bbhttps:\/\/sites.google.com\/p.csmb.es\/itinerario-proceso-catequtico-\/p%C3%A1gina-principal\u00bb url_new_window=\u00bbon\u00bb button_text=\u00bbFormularios catequesis\u00bb button_alignment=\u00bbcenter\u00bb admin_label=\u00bbButton\u00bb _builder_version=\u00bb4.18.0&#8243; custom_button=\u00bbon\u00bb button_text_size=\u00bb14px\u00bb button_text_color=\u00bb#CE1C31&#8243; button_bg_color=\u00bb#ffffff\u00bb button_border_width=\u00bb0px\u00bb button_border_radius=\u00bb5px\u00bb button_letter_spacing=\u00bb2px\u00bb button_font=\u00bbUbuntu|||on|||||\u00bb button_use_icon=\u00bboff\u00bb custom_margin=\u00bb|||\u00bb custom_padding=\u00bb14px|28px|14px|28px\u00bb button_text_color_hover=\u00bb#ffffff\u00bb button_letter_spacing_hover=\u00bb2px\u00bb button_bg_color_hover=\u00bb#1fb6e9&#8243; locked=\u00bboff\u00bb global_colors_info=\u00bb{}\u00bb button_text_size__hover_enabled=\u00bboff\u00bb button_one_text_size__hover_enabled=\u00bboff\u00bb button_two_text_size__hover_enabled=\u00bboff\u00bb button_text_color__hover_enabled=\u00bbon\u00bb button_text_color__hover=\u00bb#ffffff\u00bb button_one_text_color__hover_enabled=\u00bboff\u00bb button_two_text_color__hover_enabled=\u00bboff\u00bb button_border_width__hover_enabled=\u00bboff\u00bb button_one_border_width__hover_enabled=\u00bboff\u00bb button_two_border_width__hover_enabled=\u00bboff\u00bb button_border_color__hover_enabled=\u00bboff\u00bb button_one_border_color__hover_enabled=\u00bboff\u00bb button_two_border_color__hover_enabled=\u00bboff\u00bb button_border_radius__hover_enabled=\u00bboff\u00bb button_one_border_radius__hover_enabled=\u00bboff\u00bb button_two_border_radius__hover_enabled=\u00bboff\u00bb button_letter_spacing__hover_enabled=\u00bbon\u00bb button_letter_spacing__hover=\u00bb2px\u00bb button_one_letter_spacing__hover_enabled=\u00bboff\u00bb button_two_letter_spacing__hover_enabled=\u00bboff\u00bb button_bg_color__hover_enabled=\u00bbon\u00bb button_bg_color__hover=\u00bb#1fb6e9&#8243; button_one_bg_color__hover_enabled=\u00bboff\u00bb button_two_bg_color__hover_enabled=\u00bboff\u00bb][\/et_pb_button][et_pb_text admin_label=\u00bbTitle and subhead\u00bb _builder_version=\u00bb4.16&#8243; text_font=\u00bbUbuntu||||||||\u00bb text_text_color=\u00bb#000000&#8243; text_font_size=\u00bb16px\u00bb text_line_height=\u00bb1.8em\u00bb header_font=\u00bbMontserrat|700|||||||\u00bb header_font_size=\u00bb50px\u00bb header_line_height=\u00bb1.4em\u00bb header_2_font=\u00bb||||||||\u00bb background_color=\u00bb#CE1C31&#8243; text_orientation=\u00bbcenter\u00bb background_layout=\u00bbdark\u00bb max_width=\u00bb600px\u00bb module_alignment=\u00bbcenter\u00bb header_font_size_tablet=\u00bb\u00bb header_font_size_phone=\u00bb40px\u00bb header_font_size_last_edited=\u00bbon|desktop\u00bb border_style_all=\u00bbnone\u00bb locked=\u00bboff\u00bb global_colors_info=\u00bb{}\u00bb]<\/p>\n<h1><span style=\"color: #ffffff;\">Parroquia<\/span><\/h1>\n<h1><span style=\"color: #ffffff;\">Santa Mar\u00eda la Blanca<\/span><\/h1>\n<p>[\/et_pb_text][\/et_pb_column][\/et_pb_row][\/et_pb_section][et_pb_section fb_built=\u00bb1&#8243; admin_label=\u00bbOur Services\u00bb _builder_version=\u00bb4.16&#8243; min_height=\u00bb1218.7px\u00bb custom_padding=\u00bb100px|0px|100px|0px|true|\u00bb saved_tabs=\u00bball\u00bb global_colors_info=\u00bb{}\u00bb][et_pb_row admin_label=\u00bbTitle Row\u00bb _builder_version=\u00bb4.22.1&#8243; min_height=\u00bb37px\u00bb custom_padding=\u00bb0px|||||\u00bb global_colors_info=\u00bb{}\u00bb][et_pb_column type=\u00bb4_4&#8243; _builder_version=\u00bb4.16&#8243; custom_padding=\u00bb|||\u00bb global_colors_info=\u00bb{}\u00bb custom_padding__hover=\u00bb|||\u00bb][et_pb_text admin_label=\u00bbTitle\u00bb _builder_version=\u00bb4.16&#8243; text_font=\u00bbUbuntu||||||||\u00bb text_font_size=\u00bb16px\u00bb text_line_height=\u00bb1.8em\u00bb header_font=\u00bb||||||||\u00bb header_2_font=\u00bbMontserrat|700|||||||\u00bb header_2_font_size=\u00bb40px\u00bb header_2_line_height=\u00bb1.4em\u00bb text_orientation=\u00bbcenter\u00bb max_width=\u00bb601px\u00bb module_alignment=\u00bbcenter\u00bb custom_padding=\u00bb||0px|||\u00bb global_colors_info=\u00bb{}\u00bb]<\/p>\n<h2><span style=\"color: #ce1c31;\">Vida parroquial<\/span><\/h2>\n<p>[\/et_pb_text][\/et_pb_column][\/et_pb_row][et_pb_row _builder_version=\u00bb4.22.1&#8243; _module_preset=\u00bbdefault\u00bb global_colors_info=\u00bb{}\u00bb][et_pb_column type=\u00bb4_4&#8243; _builder_version=\u00bb4.22.1&#8243; _module_preset=\u00bbdefault\u00bb global_colors_info=\u00bb{}\u00bb][\/et_pb_column][\/et_pb_row][et_pb_row column_structure=\u00bb1_2,1_2&#8243; make_equal=\u00bbon\u00bb admin_label=\u00bbServices\u00bb _builder_version=\u00bb4.16&#8243; custom_margin=\u00bb-67px|auto||auto||\u00bb custom_padding=\u00bb3px|||||\u00bb global_colors_info=\u00bb{}\u00bb max_height__hover_enabled=\u00bbon|desktop\u00bb][et_pb_column type=\u00bb1_2&#8243; _builder_version=\u00bb4.16&#8243; custom_padding=\u00bb|||\u00bb global_colors_info=\u00bb{}\u00bb custom_padding__hover=\u00bb|||\u00bb][et_pb_blurb image=\u00bbhttps:\/\/santamarialablanca.archimadrid.es\/wp-content\/uploads\/2021\/11\/portada_g-scaled.jpg\u00bb image_icon_width=\u00bb37%\u00bb admin_label=\u00bbService\u00bb _builder_version=\u00bb4.16&#8243; header_font=\u00bbMontserrat|600|||||||\u00bb header_text_align=\u00bbcenter\u00bb header_font_size=\u00bb20px\u00bb header_line_height=\u00bb1.7em\u00bb body_font=\u00bbUbuntu||||||||\u00bb body_text_align=\u00bbcenter\u00bb body_text_color=\u00bbrgba(255,255,255,0.7)\u00bb body_font_size=\u00bb16px\u00bb body_line_height=\u00bb1.8em\u00bb background_color=\u00bb#CE1C31&#8243; background_layout=\u00bbdark\u00bb min_height=\u00bb370px\u00bb custom_padding=\u00bb39px|0px|30px|40px||\u00bb animation_style=\u00bbslide\u00bb animation_direction=\u00bbbottom\u00bb animation_intensity_slide=\u00bb10%\u00bb animation=\u00bboff\u00bb border_radii=\u00bbon|5px|5px|5px|5px\u00bb image_max_width=\u00bb37%\u00bb global_colors_info=\u00bb{}\u00bb]<\/p>\n<h4 class=\"et_pb_module_header et-fb-editable-element et-fb-editable-element__editing\" data-shortcode-id=\"1.1.0.0-1718725568182\" data-quickaccess-id=\"header\" contenteditable=\"true\"><span style=\"font-size: 16px; color: rgba(255, 255, 255, 0.7); font-family: Ubuntu, Helvetica, Arial, Lucida, sans-serif; font-weight: 500; text-decoration-line: underline;\"><span style=\"font-size: 16px;\">\u00a0Apertura del templo<\/span><\/span><span style=\"font-size: 16px; color: rgba(255, 255, 255, 0.7); font-family: Ubuntu, Helvetica, Arial, Lucida, sans-serif; font-weight: 500; text-decoration-line: underline;\"><\/span><span style=\"font-size: 16px; color: rgba(255, 255, 255, 0.7); font-family: Ubuntu, Helvetica, Arial, Lucida, sans-serif; font-weight: 500;\">\u00a0<\/span><\/h4>\n<p>De lunes a viernes: 7:45-13:00 \/ 17:00-20:00<\/p>\n<p>S\u00e1bado: 9:30-13:00 \/ 17:00-20:00<\/p>\n<p>Domingo: 10:00-13:00 \/ 17:00-20:00<\/p>\n<p>\u00a0<span style=\"text-decoration: underline;\"><strong style=\"font-size: 16px;\">Misas<\/strong><\/span><\/p>\n<p>SAN ISIDRO, 15 de mayo: 10:00 y 19:30 h<span style=\"text-decoration: underline;\"><strong style=\"font-size: 16px;\"><\/strong><\/span><\/p>\n<p>De lunes a viernes: 8:00 h, 11:15 h y 19:30 h<\/p>\n<p>S\u00e1bado: 10:00 h y 19:30 h<\/p>\n<p>Domingo: 11:00 h, 12:00 h, 13:00 h y 19:30 h<\/p>\n<p>\u00a0<span style=\"text-decoration: underline;\">Confesiones y Despacho parroquial<\/span><\/p>\n<p>Media hora antes de la Eucarist\u00eda\u00a0<\/p>\n<p>Tf. 914 109 815\u00a0<\/p>\n<p><span style=\"text-decoration: underline;\">\u00a0Adoraci\u00f3n Eucar\u00edstica<\/span><\/p>\n<p>\u00a0Jueves: 20:00<\/p>\n<p>Viernes: 16:00\u00a0<\/p>\n<p>[\/et_pb_blurb][et_pb_blurb title=\u00bbDonaciones\u00bb image=\u00bbhttps:\/\/santamarialablanca.archimadrid.es\/wp-content\/uploads\/2021\/11\/donation-box-color-icon-vector.jpg\u00bb image_icon_width=\u00bb23%\u00bb admin_label=\u00bbService\u00bb _builder_version=\u00bb4.16&#8243; header_font=\u00bbMontserrat|600|||||||\u00bb header_text_align=\u00bbcenter\u00bb header_font_size=\u00bb20px\u00bb header_line_height=\u00bb1.7em\u00bb body_font=\u00bbUbuntu||||||||\u00bb body_text_align=\u00bbcenter\u00bb body_text_color=\u00bbrgba(255,255,255,0.7)\u00bb body_font_size=\u00bb16px\u00bb body_line_height=\u00bb1.8em\u00bb background_color=\u00bb#EDF000&#8243; min_height=\u00bb301.8px\u00bb custom_margin=\u00bb||22px|||\u00bb custom_padding=\u00bb24px|30px|0px|40px||\u00bb animation_style=\u00bbslide\u00bb animation_direction=\u00bbbottom\u00bb animation_intensity_slide=\u00bb10%\u00bb animation=\u00bboff\u00bb border_radii=\u00bbon|5px|5px|5px|5px\u00bb image_max_width=\u00bb23%\u00bb global_colors_info=\u00bb{}\u00bb]<\/p>\n<p><span style=\"color: rgba(0, 0, 0, 0.7);\"><\/span><\/p>\n<p><span style=\"color: rgba(0, 0, 0, 0.7);\">Transferencia bancaria: ES48 2100 5795 92 0200015014<\/span><\/p>\n<p><span style=\"color: rgba(0, 0, 0, 0.7);\">Bizum: \u00abdonar ONG\u00bb C\u00f3digo 00256<\/span><\/p>\n<p>[\/et_pb_blurb][et_pb_blurb title=\u00bbContacto\u00bb url=\u00bbmailto:%20parroquia@santamarialablanca.es\u00bb image=\u00bbhttps:\/\/santamarialablanca.archimadrid.es\/wp-content\/uploads\/2021\/10\/icon-service-1.png\u00bb admin_label=\u00bbService\u00bb _builder_version=\u00bb4.22.1&#8243; header_font=\u00bbMontserrat|600|||||||\u00bb header_text_align=\u00bbcenter\u00bb header_font_size=\u00bb20px\u00bb header_line_height=\u00bb1.7em\u00bb body_font=\u00bbUbuntu||||||||\u00bb body_text_align=\u00bbcenter\u00bb body_text_color=\u00bbrgba(255,255,255,0.7)\u00bb body_font_size=\u00bb16px\u00bb body_line_height=\u00bb1.8em\u00bb background_color=\u00bb#1fb6ea\u00bb min_height=\u00bb460px\u00bb custom_margin=\u00bb||28px|||\u00bb custom_padding=\u00bb21px|30px|0px|40px||\u00bb animation_style=\u00bbslide\u00bb animation_direction=\u00bbbottom\u00bb animation_intensity_slide=\u00bb10%\u00bb animation=\u00bboff\u00bb border_radii=\u00bbon|5px|5px|5px|5px\u00bb global_colors_info=\u00bb{}\u00bb title__hover_enabled=\u00bbon|desktop\u00bb title__hover=\u00bbContacto\u00bb]<\/p>\n<p><span style=\"color: #000000;\">\u00a0 <\/span><span style=\"color: #000000;\">Fijo: 914 109 815<\/span><\/p>\n<p><span style=\"color: #000000;\">D. \u00d3scar: 619 704 475<\/span><\/p>\n<p><span style=\"color: #000000;\">D. Jos\u00e9 Juan: 616 945 012<\/span><\/p>\n<p><span style=\"color: #000000;\">D. Acley: 613 594160<\/span><\/p>\n<p><span style=\"color: rgba(206, 28, 49, 0.7);\">parroquia@santamarialablanca.es<\/span><\/p>\n<p><a href=\"https:\/\/maps.app.goo.gl\/1fHdeKWUYyRKX2Rk8\"><span style=\"color: #000000;\"><strong>Calle Monasterio de Oseira 25<\/strong><\/span><\/a><span style=\"color: #0000ff;\"><\/span><\/p>\n<p><span style=\"color: #0000ff;\"><\/span><\/p>\n<p>[\/et_pb_blurb][\/et_pb_column][et_pb_column type=\u00bb1_2&#8243; _builder_version=\u00bb4.16&#8243; custom_padding=\u00bb|||\u00bb global_colors_info=\u00bb{}\u00bb custom_padding__hover=\u00bb|||\u00bb][et_pb_blurb title=\u00bbC\u00e1ritas\u00bb image=\u00bbhttps:\/\/santamarialablanca.archimadrid.es\/wp-content\/uploads\/2022\/10\/logo-caritas.png\u00bb image_icon_width=\u00bb23%\u00bb admin_label=\u00bbService\u00bb _builder_version=\u00bb4.18.0&#8243; header_font=\u00bbMontserrat|600|||||||\u00bb header_text_align=\u00bbcenter\u00bb header_font_size=\u00bb20px\u00bb header_line_height=\u00bb1.7em\u00bb body_font=\u00bbUbuntu||||||||\u00bb body_text_align=\u00bbcenter\u00bb body_text_color=\u00bbrgba(255,255,255,0.7)\u00bb body_font_size=\u00bb16px\u00bb body_line_height=\u00bb1.8em\u00bb background_color=\u00bb#E09900&#8243; min_height=\u00bb260.8px\u00bb custom_margin=\u00bb-1px||-27px|||\u00bb custom_padding=\u00bb26px|30px|13px|40px||\u00bb animation_style=\u00bbslide\u00bb animation_direction=\u00bbbottom\u00bb animation_intensity_slide=\u00bb10%\u00bb animation=\u00bboff\u00bb border_radii=\u00bbon|5px|5px|5px|5px\u00bb image_max_width=\u00bb23%\u00bb global_colors_info=\u00bb{}\u00bb]<\/p>\n<p><span style=\"color: rgba(0, 0, 0, 0.7); font-size: 16px;\">Acogida parroquial<\/span><\/p>\n<p><span style=\"color: rgba(0, 0, 0, 0.7); font-size: 16px;\">Lunes 17:00-18:00<\/span><span style=\"color: rgba(0, 0, 0, 0.7); font-size: 16px;\"><\/span><\/p>\n<p>Cita previa: 616945012<span style=\"color: rgba(0, 0, 0, 0.7); font-size: 16px;\"><\/span><\/p>\n<p><span style=\"color: rgba(0, 0, 0, 0.7); font-size: 16px;\"><\/span><\/p>\n<p><span style=\"color: rgba(0, 0, 0, 0.7); font-size: 16px;\"><\/span><\/p>\n<p>[\/et_pb_blurb][et_pb_blurb title=\u00bbGrupos parroquiales\u00bb url=\u00bbmailto:%20parroquia@santamarialablanca.es\u00bb image=\u00bbhttps:\/\/santamarialablanca.archimadrid.es\/wp-content\/uploads\/2023\/09\/grupo-interactivo-logo.jpg\u00bb image_icon_width=\u00bb30%\u00bb admin_label=\u00bbService\u00bb _builder_version=\u00bb4.22.1&#8243; header_font=\u00bbMontserrat|600|||||||\u00bb header_text_align=\u00bbcenter\u00bb header_font_size=\u00bb20px\u00bb header_line_height=\u00bb1.7em\u00bb body_font=\u00bbUbuntu||||||||\u00bb body_text_align=\u00bbcenter\u00bb body_text_color=\u00bbrgba(255,255,255,0.7)\u00bb body_font_size=\u00bb16px\u00bb body_line_height=\u00bb1.8em\u00bb background_color=\u00bb#ea00e2&#8243; min_height=\u00bb264px\u00bb custom_margin=\u00bb50px||28px||false|false\u00bb custom_padding=\u00bb28px|30px|9px|40px||\u00bb animation_style=\u00bbslide\u00bb animation_direction=\u00bbbottom\u00bb animation_intensity_slide=\u00bb10%\u00bb animation=\u00bboff\u00bb border_radii=\u00bbon|5px|5px|5px|5px\u00bb global_colors_info=\u00bb{}\u00bb title__hover_enabled=\u00bbon|desktop\u00bb title__hover=\u00bbContacto\u00bb]<\/p>\n<p><span style=\"color: #000000;\">Adultos, Cen\u00e1culo, oraci\u00f3n, matrimonios, etc.<\/span><\/p>\n<p><span style=\"color: rgba(0, 0, 0, 0.7);\"><strong>Preguntar en el despacho parroquial<\/strong><\/span><span style=\"color: #0000ff;\"><\/span><\/p>\n<p><span style=\"color: #0000ff;\"><\/span><\/p>\n<p>[\/et_pb_blurb][et_pb_blurb title=\u00bbSolicitud de Partidas de Bautismo\u00bb image=\u00bbhttps:\/\/santamarialablanca.archimadrid.es\/wp-content\/uploads\/2023\/10\/pila-bautismal.jpg\u00bb image_icon_width=\u00bb24%\u00bb admin_label=\u00bbService\u00bb _builder_version=\u00bb4.22.1&#8243; header_font=\u00bbMontserrat|600|||||||\u00bb header_text_align=\u00bbcenter\u00bb header_font_size=\u00bb20px\u00bb header_line_height=\u00bb1.7em\u00bb body_font=\u00bbUbuntu||||||||\u00bb body_text_align=\u00bbcenter\u00bb body_text_color=\u00bbrgba(255,255,255,0.7)\u00bb body_font_size=\u00bb16px\u00bb body_line_height=\u00bb1.8em\u00bb background_color=\u00bb#2af794&#8243; min_height=\u00bb365px\u00bb custom_padding=\u00bb27px|30px|5px|40px||\u00bb animation_style=\u00bbslide\u00bb animation_direction=\u00bbbottom\u00bb animation_intensity_slide=\u00bb10%\u00bb animation=\u00bboff\u00bb border_radii=\u00bbon|5px|5px|5px|5px\u00bb border_color_all_image=\u00bb#ce00f7&#8243; image_max_width=\u00bb24%\u00bb global_colors_info=\u00bb{}\u00bb]<\/p>\n<p><span style=\"color: rgba(0, 0, 0, 0.7);\"><\/span><\/p>\n<p><span style=\"color: rgba(0, 0, 0, 0.7);\"><a href=\"mailto:certificadosbautismo@santamarialablanca.es\">certificadosbautismo@santamarialablanca.es<\/a><\/span><\/p>\n<p>Cuando el certificado est\u00e9 preparado recibir\u00e1n un correo electr\u00f3nico<span style=\"color: rgba(0, 0, 0, 0.7);\"><\/span><span style=\"color: rgba(0, 0, 0, 0.7);\"><\/span><\/p>\n<p><span style=\"color: rgba(0, 0, 0, 0.7);\"><\/span><\/p>\n<p>[\/et_pb_blurb][et_pb_blurb title=\u00bbAvisos\u00bb image=\u00bbhttps:\/\/santamarialablanca.archimadrid.es\/wp-content\/uploads\/2021\/10\/cropped-cropped-banner_up.jpg\u00bb image_icon_width=\u00bb24%\u00bb admin_label=\u00bbService\u00bb _builder_version=\u00bb4.21.0&#8243; header_font=\u00bbMontserrat|600|||||||\u00bb header_text_align=\u00bbcenter\u00bb header_font_size=\u00bb20px\u00bb header_line_height=\u00bb1.7em\u00bb body_font=\u00bbUbuntu||||||||\u00bb body_text_align=\u00bbcenter\u00bb body_text_color=\u00bbrgba(255,255,255,0.7)\u00bb body_font_size=\u00bb16px\u00bb body_line_height=\u00bb1.8em\u00bb background_color=\u00bb#7CDA24&#8243; min_height=\u00bb352px\u00bb custom_padding=\u00bb37px|30px|5px|40px||\u00bb animation_style=\u00bbslide\u00bb animation_direction=\u00bbbottom\u00bb animation_intensity_slide=\u00bb10%\u00bb animation=\u00bboff\u00bb border_radii=\u00bbon|5px|5px|5px|5px\u00bb image_max_width=\u00bb24%\u00bb global_colors_info=\u00bb{}\u00bb]<\/p>\n<p><span style=\"color: rgba(0, 0, 0, 0.7);\"><\/span><\/p>\n<p><span style=\"color: rgba(0, 0, 0, 0.7);\">Si quieres estar al d\u00eda de todos los eventos que suceder\u00e1n pr\u00f3ximamente en nuestra parroquia, no dejes de consultar este enlace: <a href=\"https:\/\/santamarialablanca.archimadrid.es\/index.php\/avisos\/\"><span style=\"color: #001bed;\">Avisos<\/span><\/a><\/span><\/p>\n<p>[\/et_pb_blurb][\/et_pb_column][\/et_pb_row][\/et_pb_section]<\/p>\n","protected":false},"excerpt":{"rendered":"<p>Parroquia Santa Mar\u00eda la BlancaVida parroquial\u00a0Apertura del templo\u00a0 De lunes a viernes: 7:45-13:00 \/ 17:00-20:00 S\u00e1bado: 9:30-13:00 \/ 17:00-20:00 Domingo: 10:00-13:00 \/ 17:00-20:00 \u00a0Misas SAN ISIDRO, 15 de mayo: 10:00 y 19:30 h De lunes a viernes: 8:00 h, 11:15 h y 19:30 h S\u00e1bado: 10:00 h y 19:30 h Domingo: 11:00 h, 12:00 h, [&hellip;]<\/p>\n","protected":false},"author":1,"featured_media":0,"parent":0,"menu_order":0,"comment_status":"closed","ping_status":"closed","template":"","meta":{"_et_pb_use_builder":"on","_et_pb_old_content":"<!-- wp:paragraph -->\n<p>This is an example page. It's different from a blog post because it will stay in one place and will show up in your site navigation (in most themes). Most people start with an About page that introduces them to potential site visitors. It might say something like this:<\/p>\n<!-- \/wp:paragraph -->\n\n<!-- wp:quote -->\n<blockquote class=\"wp-block-quote\"><p>Hi there! I'm a bike messenger by day, aspiring actor by night, and this is my website. I live in Los Angeles, have a great dog named Jack, and I like pi&#241;a coladas. (And gettin' caught in the rain.)<\/p><\/blockquote>\n<!-- \/wp:quote -->\n\n<!-- wp:paragraph -->\n<p>...or something like this:<\/p>\n<!-- \/wp:paragraph -->\n\n<!-- wp:quote -->\n<blockquote class=\"wp-block-quote\"><p>The XYZ Doohickey Company was founded in 1971, and has been providing quality doohickeys to the public ever since. Located in Gotham City, XYZ employs over 2,000 people and does all kinds of awesome things for the Gotham community.<\/p><\/blockquote>\n<!-- \/wp:quote -->\n\n<!-- wp:paragraph -->\n<p>As a new WordPress user, you should go to <a href=\"https:\/\/santamarialablanca.archimadrid.es\/wp-admin\/\">your dashboard<\/a> to delete this page and create new pages for your content. Have fun!<\/p>\n<!-- \/wp:paragraph -->","_et_gb_content_width":"","footnotes":""},"class_list":["post-2","page","type-page","status-publish","hentry"],"_links":{"self":[{"href":"https:\/\/santamarialablanca.archimadrid.es\/index.php\/wp-json\/wp\/v2\/pages\/2","targetHints":{"allow":["GET"]}}],"collection":[{"href":"https:\/\/santamarialablanca.archimadrid.es\/index.php\/wp-json\/wp\/v2\/pages"}],"about":[{"href":"https:\/\/santamarialablanca.archimadrid.es\/index.php\/wp-json\/wp\/v2\/types\/page"}],"author":[{"embeddable":true,"href":"https:\/\/santamarialablanca.archimadrid.es\/index.php\/wp-json\/wp\/v2\/users\/1"}],"replies":[{"embeddable":true,"href":"https:\/\/santamarialablanca.archimadrid.es\/index.php\/wp-json\/wp\/v2\/comments?post=2"}],"version-history":[{"count":178,"href":"https:\/\/santamarialablanca.archimadrid.es\/index.php\/wp-json\/wp\/v2\/pages\/2\/revisions"}],"predecessor-version":[{"id":869,"href":"https:\/\/santamarialablanca.archimadrid.es\/index.php\/wp-json\/wp\/v2\/pages\/2\/revisions\/869"}],"wp:attachment":[{"href":"https:\/\/santamarialablanca.archimadrid.es\/index.php\/wp-json\/wp\/v2\/media?parent=2"}],"curies":[{"name":"wp","href":"https:\/\/api.w.org\/{rel}","templated":true}]}}